{"id":9521,"date":"2024-02-06T10:06:55","date_gmt":"2024-02-06T10:06:55","guid":{"rendered":"https:\/\/octavianforlag.no\/?post_type=product&#038;p=9521"},"modified":"2026-03-21T06:41:45","modified_gmt":"2026-03-21T06:41:45","slug":"den-siste-olje","status":"publish","type":"product","link":"https:\/\/octavianforlag.no\/no\/product\/den-siste-olje\/","title":{"rendered":"Den siste olje"},"content":{"rendered":"\t\t<div data-elementor-type=\"wp-post\" data-elementor-id=\"9521\" class=\"elementor elementor-9521\">\n\t\t\t\t\t\t<section class=\"elementor-section elementor-top-section elementor-element elementor-element-2fc4d4c elementor-section-full_width elementor-section-height-default elementor-section-height-default\" data-id=\"2fc4d4c\" data-element_type=\"section\" data-e-type=\"section\">\n\t\t\t\t\t\t<div class=\"elementor-container elementor-column-gap-default\">\n\t\t\t\t\t<div class=\"elementor-column elementor-col-100 elementor-top-column elementor-element elementor-element-e19f92e\" data-id=\"e19f92e\" data-element_type=\"column\" data-e-type=\"column\">\n\t\t\t<div class=\"elementor-widget-wrap elementor-element-populated\">\n\t\t\t\t\t\t<div class=\"elementor-element elementor-element-287c0dc elementor-widget__width-initial elementor-widget-tablet__width-inherit elementor-widget elementor-widget-text-editor\" data-id=\"287c0dc\" data-element_type=\"widget\" data-e-type=\"widget\" data-widget_type=\"text-editor.default\">\n\t\t\t\t<div class=\"elementor-widget-container\">\n\t\t\t\t\t\t\t\t\t<p>Lorem ipsum dolor sit amet, consectetur adipiscing elit, sed do eiusmod tempor incididunt ut labore et dolore magna aliqua. Ut enim ad minim veniam, quis nostrud exercitation ullamco laboris nisi ut aliquip ex ea commodo consequat. Duis aute irure dolor in reprehenderit in voluptate velit esse cillum dolore eu fugiat nulla pariatur.\u00a0<\/p>\t\t\t\t\t\t\t\t<\/div>\n\t\t\t\t<\/div>\n\t\t\t\t\t<\/div>\n\t\t<\/div>\n\t\t\t\t\t<\/div>\n\t\t<\/section>\n\t\t\t\t<\/div>\n\t\t","protected":false},"excerpt":{"rendered":"<p>Over seks ti\u00e5r fylte glinsende fett fra hundretusenvis av hval r\u00e5stoffbehov til multinasjonale konserners margarin- og s\u00e5peprodukter. Hoffleverand\u00f8rene var norske hvalfangere. Fra spekkjelene like etter \u00e5rhundreskiftet ble fyrt opp p\u00e5 S\u00f8r-Georgia til det flytende kokeriet Kosmos IV ankret opp i Sandefjord p\u00e5 slutten av 1960-tallet, skulle hvalfangst dominere og forme utviklingen av finansmarked, konsumvarer og kapitalisme i Norge. Dette er en fortelling om eksplosivt voksende rikdom og merkevarebygging, men ogs\u00e5 en biologisk tragedie. Et n\u00e5del\u00f8st m\u00f8te mellom jordens st\u00f8rste dyr, effektiv fangsteknologi og konsumindustri. Dette er en flerfasettert historie om et kapitalfattig lands industrialisering, skattesky redere og multinasjonale fettkjemper, men ogs\u00e5 om ubegrensede offer og tap. Om norsk polarimperialisme og globalt salg utfordret av stormakter og skiftende konjunkturer. Dette er historien om &laquo;Den siste olje&raquo;.<\/p>\n","protected":false},"featured_media":9538,"template":"","meta":[],"product_cat":[117],"product_tag":[],"class_list":{"0":"post-9521","1":"product","2":"type-product","3":"status-publish","4":"has-post-thumbnail","6":"product_cat-bok","8":"first","9":"instock","10":"shipping-taxable","11":"purchasable","12":"product-type-simple"},"_links":{"self":[{"href":"https:\/\/octavianforlag.no\/no\/wp-json\/wp\/v2\/product\/9521","targetHints":{"allow":["GET"]}}],"collection":[{"href":"https:\/\/octavianforlag.no\/no\/wp-json\/wp\/v2\/product"}],"about":[{"href":"https:\/\/octavianforlag.no\/no\/wp-json\/wp\/v2\/types\/product"}],"wp:featuredmedia":[{"embeddable":true,"href":"https:\/\/octavianforlag.no\/no\/wp-json\/wp\/v2\/media\/9538"}],"wp:attachment":[{"href":"https:\/\/octavianforlag.no\/no\/wp-json\/wp\/v2\/media?parent=9521"}],"wp:term":[{"taxonomy":"product_cat","embeddable":true,"href":"https:\/\/octavianforlag.no\/no\/wp-json\/wp\/v2\/product_cat?post=9521"},{"taxonomy":"product_tag","embeddable":true,"href":"https:\/\/octavianforlag.no\/no\/wp-json\/wp\/v2\/product_tag?post=9521"}],"curies":[{"name":"wp","href":"https:\/\/api.w.org\/{rel}","templated":true}]}}