{"id":9612,"date":"2024-02-07T11:20:49","date_gmt":"2024-02-07T11:20:49","guid":{"rendered":"https:\/\/octavianforlag.no\/?page_id=9612"},"modified":"2024-02-07T11:22:13","modified_gmt":"2024-02-07T11:22:13","slug":"privacy","status":"publish","type":"page","link":"https:\/\/octavianforlag.no\/en\/privacy\/","title":{"rendered":"Privacy policy"},"content":{"rendered":"<div data-elementor-type=\"wp-page\" data-elementor-id=\"9612\" class=\"elementor elementor-9612\">\n\t\t\t\t\t\t<section class=\"elementor-section elementor-top-section elementor-element elementor-element-ff0dc44 elementor-section-full_width elementor-section-height-default elementor-section-height-default\" data-id=\"ff0dc44\" data-element_type=\"section\" data-e-type=\"section\">\n\t\t\t\t\t\t<div class=\"elementor-container elementor-column-gap-default\">\n\t\t\t\t\t<div class=\"elementor-column elementor-col-50 elementor-top-column elementor-element elementor-element-10ea225\" data-id=\"10ea225\" data-element_type=\"column\" data-e-type=\"column\">\n\t\t\t<div class=\"elementor-widget-wrap elementor-element-populated\">\n\t\t\t\t\t\t\t<\/div>\n\t\t<\/div>\n\t\t\t\t<div class=\"elementor-column elementor-col-50 elementor-top-column elementor-element elementor-element-10add8b\" data-id=\"10add8b\" data-element_type=\"column\" data-e-type=\"column\">\n\t\t\t<div class=\"elementor-widget-wrap elementor-element-populated\">\n\t\t\t\t\t\t<div class=\"elementor-element elementor-element-8f78aa6 elementor-widget elementor-widget-menu-anchor\" data-id=\"8f78aa6\" data-element_type=\"widget\" data-e-type=\"widget\" data-widget_type=\"menu-anchor.default\">\n\t\t\t\t<div class=\"elementor-widget-container\">\n\t\t\t\t\t\t\t<div class=\"elementor-menu-anchor\" id=\"one\"><\/div>\n\t\t\t\t\t\t<\/div>\n\t\t\t\t<\/div>\n\t\t\t\t<div class=\"elementor-element elementor-element-9e83ffd elementor-widget elementor-widget-text-editor\" data-id=\"9e83ffd\" data-element_type=\"widget\" data-e-type=\"widget\" data-widget_type=\"text-editor.default\">\n\t\t\t\t<div class=\"elementor-widget-container\">\n\t\t\t\t\t\t\t\t\t<h1>Privacy policy<\/h1><p>Last updated October 14, 2019<\/p><div class=\"policy-content\"><p>This privacy policy is about how Octavian Forlag AS (\"we\", \"us\", \"Octavian Forlag\") processes and collects personal data about you when you use our website.<\/p><\/div>\t\t\t\t\t\t\t\t<\/div>\n\t\t\t\t<\/div>\n\t\t\t\t<div class=\"elementor-element elementor-element-93c3869 elementor-widget elementor-widget-menu-anchor\" data-id=\"93c3869\" data-element_type=\"widget\" data-e-type=\"widget\" data-widget_type=\"menu-anchor.default\">\n\t\t\t\t<div class=\"elementor-widget-container\">\n\t\t\t\t\t\t\t<div class=\"elementor-menu-anchor\" id=\"two\"><\/div>\n\t\t\t\t\t\t<\/div>\n\t\t\t\t<\/div>\n\t\t\t\t<div class=\"elementor-element elementor-element-5a43eb3 elementor-widget elementor-widget-text-editor\" data-id=\"5a43eb3\" data-element_type=\"widget\" data-e-type=\"widget\" data-widget_type=\"text-editor.default\">\n\t\t\t\t<div class=\"elementor-widget-container\">\n\t\t\t\t\t\t\t\t\t<h2>What data is processed?<\/h2><p>The information that we collect and process is the following:<\/p><ul><li>Name<\/li><li>Email<\/li><li>Delivery address<\/li><li>Card information<\/li><\/ul>\t\t\t\t\t\t\t\t<\/div>\n\t\t\t\t<\/div>\n\t\t\t\t<div class=\"elementor-element elementor-element-11f5393 elementor-widget elementor-widget-menu-anchor\" data-id=\"11f5393\" data-element_type=\"widget\" data-e-type=\"widget\" data-widget_type=\"menu-anchor.default\">\n\t\t\t\t<div class=\"elementor-widget-container\">\n\t\t\t\t\t\t\t<div class=\"elementor-menu-anchor\" id=\"three\"><\/div>\n\t\t\t\t\t\t<\/div>\n\t\t\t\t<\/div>\n\t\t\t\t<div class=\"elementor-element elementor-element-8e44063 elementor-widget elementor-widget-text-editor\" data-id=\"8e44063\" data-element_type=\"widget\" data-e-type=\"widget\" data-widget_type=\"text-editor.default\">\n\t\t\t\t<div class=\"elementor-widget-container\">\n\t\t\t\t\t\t\t\t\t<h2>How the information is collected<\/h2><p>When you enter your name and address in the shopping cart, this is stored in our online store, when you enter your payment card, this is sent to Stripe.com (payment provider) and processed, card information is not stored with us.<\/p>\t\t\t\t\t\t\t\t<\/div>\n\t\t\t\t<\/div>\n\t\t\t\t<div class=\"elementor-element elementor-element-81d4c5f elementor-widget elementor-widget-menu-anchor\" data-id=\"81d4c5f\" data-element_type=\"widget\" data-e-type=\"widget\" data-widget_type=\"menu-anchor.default\">\n\t\t\t\t<div class=\"elementor-widget-container\">\n\t\t\t\t\t\t\t<div class=\"elementor-menu-anchor\" id=\"four\"><\/div>\n\t\t\t\t\t\t<\/div>\n\t\t\t\t<\/div>\n\t\t\t\t<div class=\"elementor-element elementor-element-50a6e55 elementor-widget elementor-widget-text-editor\" data-id=\"50a6e55\" data-element_type=\"widget\" data-e-type=\"widget\" data-widget_type=\"text-editor.default\">\n\t\t\t\t<div class=\"elementor-widget-container\">\n\t\t\t\t\t\t\t\t\t<h2>Treatment abroad<\/h2><p>All personal data processing directly related to Octavian Publishing takes place within the EU\/EEA. This means that providers of cloud and storage services are also subject to GDPR.<\/p><p>In connection with payment, the Stripe platform is used, which is based in the USA. This means that payment information can be processed here when you pay through Octavian Publishing. <\/p><p>Through the Privacy Shield agreement, cooperation agreements and other privacy measures, your privacy is nevertheless safeguarded in a reassuring way.<\/p>\t\t\t\t\t\t\t\t<\/div>\n\t\t\t\t<\/div>\n\t\t\t\t\t<\/div>\n\t\t<\/div>\n\t\t\t\t\t<\/div>\n\t\t<\/section>\n\t\t\t\t<\/div>","protected":false},"excerpt":{"rendered":"<p>Personvernerkl\u00e6ring Sist oppdatert 14. October 2019 Denne personvernerkl\u00e6ringen handler om hvordan Octavian Forlag AS (\u00abvi\u00bb, \u00aboss\u00bb, \u00abOctavian Forlag\u00bb) behandler og samler inn personopplysninger om deg n\u00e5r du benytter deg av nettsiden v\u00e5r. Hvilke opplysninger behandles? Informasjonen som vi henter inn og behandler er f\u00f8lgende: Navn E-post Leveringsadresse Kortinformasjon Hvordan opplysningene innhentes N\u00e5r du legger inn [&hellip;]<\/p>\n","protected":false},"author":1,"featured_media":0,"parent":0,"menu_order":0,"comment_status":"closed","ping_status":"open","template":"","meta":{"footnotes":""},"class_list":["post-9612","page","type-page","status-publish","hentry"],"_links":{"self":[{"href":"https:\/\/octavianforlag.no\/en\/wp-json\/wp\/v2\/pages\/9612","targetHints":{"allow":["GET"]}}],"collection":[{"href":"https:\/\/octavianforlag.no\/en\/wp-json\/wp\/v2\/pages"}],"about":[{"href":"https:\/\/octavianforlag.no\/en\/wp-json\/wp\/v2\/types\/page"}],"author":[{"embeddable":true,"href":"https:\/\/octavianforlag.no\/en\/wp-json\/wp\/v2\/users\/1"}],"replies":[{"embeddable":true,"href":"https:\/\/octavianforlag.no\/en\/wp-json\/wp\/v2\/comments?post=9612"}],"version-history":[{"count":8,"href":"https:\/\/octavianforlag.no\/en\/wp-json\/wp\/v2\/pages\/9612\/revisions"}],"predecessor-version":[{"id":9620,"href":"https:\/\/octavianforlag.no\/en\/wp-json\/wp\/v2\/pages\/9612\/revisions\/9620"}],"wp:attachment":[{"href":"https:\/\/octavianforlag.no\/en\/wp-json\/wp\/v2\/media?parent=9612"}],"curies":[{"name":"wp","href":"https:\/\/api.w.org\/{rel}","templated":true}]}}