{"id":9470,"date":"2024-02-06T09:32:36","date_gmt":"2024-02-06T09:32:36","guid":{"rendered":"https:\/\/octavianforlag.no\/?page_id=9470"},"modified":"2026-01-27T07:20:50","modified_gmt":"2026-01-27T07:20:50","slug":"octavian-forlag","status":"publish","type":"page","link":"https:\/\/octavianforlag.no\/en\/","title":{"rendered":"Octavian Publishing House"},"content":{"rendered":"<div data-elementor-type=\"wp-page\" data-elementor-id=\"9470\" class=\"elementor elementor-9470\">\n\t\t\t\t\t\t<section class=\"elementor-section elementor-top-section elementor-element elementor-element-b9ef8f2 elementor-section-full_width elementor-section-height-min-height qodef-elementor-content-grid elementor-section-height-default elementor-section-items-middle\" data-id=\"b9ef8f2\" data-element_type=\"section\" data-e-type=\"section\" data-settings=\"{&quot;background_background&quot;:&quot;classic&quot;}\">\n\t\t\t\t\t\t<div class=\"elementor-container elementor-column-gap-default\">\n\t\t\t\t\t<div class=\"elementor-column elementor-col-50 elementor-top-column elementor-element elementor-element-0c55d31\" data-id=\"0c55d31\" data-element_type=\"column\" data-e-type=\"column\">\n\t\t\t<div class=\"elementor-widget-wrap elementor-element-populated\">\n\t\t\t\t\t\t<div class=\"elementor-element elementor-element-6e8c4b9 elementor-widget__width-initial elementor-widget-mobile__width-initial elementor-widget-tablet__width-initial elementor-widget elementor-widget-gaelle_core_section_title\" data-id=\"6e8c4b9\" data-element_type=\"widget\" data-e-type=\"widget\" data-widget_type=\"gaelle_core_section_title.default\">\n\t\t\t\t<div class=\"elementor-widget-container\">\n\t\t\t\t\t<div class=\"qodef-shortcode qodef-m  qodef-section-title qodef-alignment--left\">\n\t\t<h5 class=\"qodef-m-subtitle\" style=\"color: #FFFFFF\">\n\t\tTilgjengelig n\u00e5\t<\/h5>\n\t\t<h1 class=\"qodef-m-title\" style=\"color: #FFFFFF\">\n\t\t\t\t\tSonderlager\t\t\t<\/h1>\n\t<\/div>\n\t\t\t\t<\/div>\n\t\t\t\t<\/div>\n\t\t\t\t<div class=\"elementor-element elementor-element-85314a3 elementor-widget__width-initial elementor-widget elementor-widget-text-editor\" data-id=\"85314a3\" data-element_type=\"widget\" data-e-type=\"widget\" data-widget_type=\"text-editor.default\">\n\t\t\t\t<div class=\"elementor-widget-container\">\n\t\t\t\t\t\t\t\t\t<div>To br\u00f8dre. To politimenn. Ett avgj\u00f8rende og samtidig skjebnesvangert valg. Den ene faller ned i avgrunnen. Den andre g\u00e5r gjennom m\u00f8rket og gjenvinner sin frihet.\u00a0<\/div><p dir=\"ltr\">\u201cSonderlager\u201d beretter historien om da 271 norske politifolk ble arrestert og sendt til den tyske konsentrasjonsleiren Stutthof, like utenfor Gdansk. Unike f\u00f8rsteh\u00e5ndskilder skildrer \u00e5rsakene, samt dramatikken f\u00f8r og under fangeoppholdet. Ikke minst n\u00e5r den russiske vinteroffensiven i krigens sluttfase omslutter og rammer leiren og fangene.<\/p>\t\t\t\t\t\t\t\t<\/div>\n\t\t\t\t<\/div>\n\t\t\t\t<div class=\"elementor-element elementor-element-af5dea1 elementor-widget elementor-widget-button\" data-id=\"af5dea1\" data-element_type=\"widget\" data-e-type=\"widget\" data-widget_type=\"button.default\">\n\t\t\t\t<div class=\"elementor-widget-container\">\n\t\t\t\t\t<style>.elementor-element-af5dea1{display:none !important}<\/style>\t\t\t\t<\/div>\n\t\t\t\t<\/div>\n\t\t\t\t<div class=\"elementor-element elementor-element-4af9035 elementor-hidden-desktop elementor-hidden-tablet elementor-hidden-mobile elementor-widget elementor-widget-button\" data-id=\"4af9035\" data-element_type=\"widget\" data-e-type=\"widget\" data-widget_type=\"button.default\">\n\t\t\t\t<div class=\"elementor-widget-container\">\n\t\t\t\t\t\t\t\t\t<div class=\"elementor-button-wrapper\">\n\t\t\t\t\t<a class=\"elementor-button elementor-button-link elementor-size-sm\" href=\"https:\/\/octavianforlag.no\/en\/product-2\/goldfinger-the-history-of-mowi\/\">\n\t\t\t\t\t\t<span class=\"elementor-button-content-wrapper\">\n\t\t\t\t\t\t\t\t\t<span class=\"elementor-button-text\">BUY HERE<\/span>\n\t\t\t\t\t<\/span>\n\t\t\t\t\t<\/a>\n\t\t\t\t<\/div>\n\t\t\t\t\t\t\t\t<\/div>\n\t\t\t\t<\/div>\n\t\t\t\t\t<\/div>\n\t\t<\/div>\n\t\t\t\t<div class=\"elementor-column elementor-col-50 elementor-top-column elementor-element elementor-element-aadb9dd\" data-id=\"aadb9dd\" data-element_type=\"column\" data-e-type=\"column\">\n\t\t\t<div class=\"elementor-widget-wrap elementor-element-populated\">\n\t\t\t\t\t\t<div class=\"elementor-element elementor-element-bf9942e elementor-widget__width-initial elementor-widget elementor-widget-image\" data-id=\"bf9942e\" data-element_type=\"widget\" data-e-type=\"widget\" data-widget_type=\"image.default\">\n\t\t\t\t<div class=\"elementor-widget-container\">\n\t\t\t\t\t\t\t\t\t\t\t\t\t\t\t<img fetchpriority=\"high\" decoding=\"async\" width=\"800\" height=\"689\" src=\"https:\/\/octavianforlag.no\/wp-content\/uploads\/2025\/11\/Sonderlager-forside-2.png\" class=\"attachment-large size-large wp-image-10818\" alt=\"\" srcset=\"https:\/\/octavianforlag.no\/wp-content\/uploads\/2025\/11\/Sonderlager-forside-2.png 800w, https:\/\/octavianforlag.no\/wp-content\/uploads\/2025\/11\/Sonderlager-forside-2-300x258.png 300w, https:\/\/octavianforlag.no\/wp-content\/uploads\/2025\/11\/Sonderlager-forside-2-768x661.png 768w, https:\/\/octavianforlag.no\/wp-content\/uploads\/2025\/11\/Sonderlager-forside-2-14x12.png 14w, https:\/\/octavianforlag.no\/wp-content\/uploads\/2025\/11\/Sonderlager-forside-2-600x517.png 600w\" sizes=\"(max-width: 800px) 100vw, 800px\" \/>\t\t\t\t\t\t\t\t\t\t\t\t\t\t\t<\/div>\n\t\t\t\t<\/div>\n\t\t\t\t\t<\/div>\n\t\t<\/div>\n\t\t\t\t\t<\/div>\n\t\t<\/section>\n\t\t\t\t<section class=\"elementor-section elementor-top-section elementor-element elementor-element-78c2064 elementor-section-full_width qodef-elementor-content-grid qodef-extended-grid qodef-extended-grid--right elementor-section-height-default elementor-section-height-default\" data-id=\"78c2064\" data-element_type=\"section\" data-e-type=\"section\" data-no-translation=\"\">\n\t\t\t\t\t\t<div class=\"elementor-container elementor-column-gap-default\">\n\t\t\t\t\t<div class=\"elementor-column elementor-col-100 elementor-top-column elementor-element elementor-element-c02252d\" data-id=\"c02252d\" data-element_type=\"column\" data-e-type=\"column\">\n\t\t\t<div class=\"elementor-widget-wrap elementor-element-populated\">\n\t\t\t\t\t\t<div class=\"elementor-element elementor-element-31838e4 elementor-widget elementor-widget-menu-anchor\" data-id=\"31838e4\" data-element_type=\"widget\" data-e-type=\"widget\" data-widget_type=\"menu-anchor.default\">\n\t\t\t\t<div class=\"elementor-widget-container\">\n\t\t\t\t\t\t\t<div class=\"elementor-menu-anchor\" id=\"boker\"><\/div>\n\t\t\t\t\t\t<\/div>\n\t\t\t\t<\/div>\n\t\t\t\t<div class=\"elementor-element elementor-element-9457d01 elementor-widget__width-initial elementor-widget-mobile__width-initial elementor-widget-tablet__width-initial elementor-widget elementor-widget-gaelle_core_section_title\" data-id=\"9457d01\" data-element_type=\"widget\" data-e-type=\"widget\" data-widget_type=\"gaelle_core_section_title.default\">\n\t\t\t\t<div class=\"elementor-widget-container\">\n\t\t\t\t\t<div class=\"qodef-shortcode qodef-m  qodef-section-title qodef-alignment--left\">\n\t\t<h4 class=\"qodef-m-subtitle\" style=\"color: #001747\">\n\t\tBooks\t<\/h4>\n\t\t<\/div>\n\t\t\t\t<\/div>\n\t\t\t\t<\/div>\n\t\t\t\t<div class=\"elementor-element elementor-element-1997f8a qodef-info-below-alignment--center elementor-widget elementor-widget-qi_addons_for_elementor_product_list\" data-id=\"1997f8a\" data-element_type=\"widget\" data-e-type=\"widget\" data-widget_type=\"qi_addons_for_elementor_product_list.default\">\n\t\t\t\t<div class=\"elementor-widget-container\">\n\t\t\t\t\t<div class=\"qodef-shortcode qodef-m qodef-addons-woo-shortcode qodef-qi-woo-shortcode-product-list qodef-item-layout--info-below-swap qodef-image--hover-zoom qodef-qi-grid qodef-layout--qi-columns qodef-col-num--4 qodef-item-layout--info-below-swap qodef-responsive--predefined\" >\n\t<div class=\"qodef-grid-inner\">\n\t\t<div class=\"qodef-e qodef-grid-item product type-product post-10352 status-publish first instock product_cat-bok product_cat-english has-post-thumbnail shipping-taxable purchasable product-type-simple\">\n\t<div class=\"qodef-e-product-inner\">\n\t\t\t\t\t<div class=\"qodef-e-product-image\">\n\t\t\t\t\t\t\t\t<div class=\"qodef-e-product-image-holder\">\n\t\t\t\t\t<a itemprop=\"url\" href=\"https:\/\/octavianforlag.no\/en\/product-2\/goldfinger-the-history-of-mowi\/\">\n\t\t\t\t\t\t<img decoding=\"async\" width=\"800\" height=\"823\" src=\"https:\/\/octavianforlag.no\/wp-content\/uploads\/2024\/08\/Goldfinger-Engelsk-Mockup.jpg\" class=\"attachment-full size-full\" alt=\"\" srcset=\"https:\/\/octavianforlag.no\/wp-content\/uploads\/2024\/08\/Goldfinger-Engelsk-Mockup.jpg 800w, https:\/\/octavianforlag.no\/wp-content\/uploads\/2024\/08\/Goldfinger-Engelsk-Mockup-292x300.jpg 292w, https:\/\/octavianforlag.no\/wp-content\/uploads\/2024\/08\/Goldfinger-Engelsk-Mockup-768x790.jpg 768w, https:\/\/octavianforlag.no\/wp-content\/uploads\/2024\/08\/Goldfinger-Engelsk-Mockup-600x617.jpg 600w\" sizes=\"(max-width: 800px) 100vw, 800px\" \/>\t\t\t\t\t<\/a>\n\t\t\t\t<\/div>\n\t\t\t<\/div>\n\t\t\t\t<div class=\"qodef-e-product-content\">\n\t\t\t\t\t\t<h5 itemprop=\"name\" class=\"qodef-e-product-title qodef-e-title entry-title\">\n\t<a itemprop=\"url\" class=\"qodef-e-product-title-link\" href=\"https:\/\/octavianforlag.no\/en\/product-2\/goldfinger-the-history-of-mowi\/\">\n\t\tGoldfinger &#8211; The History of Mowi\t<\/a>\n<\/h5>\n\t\t\t<div class=\"qodef-e-swap-holder\">\n\t\t\t\t\t\t<div class=\"qodef-woo-product-price price\"><span class=\"woocommerce-Price-amount amount\"><span class=\"woocommerce-Price-currencySymbol\">&#107;&#114;<\/span>&nbsp;449,00<\/span><\/div>\n\t\t\t\t\t\t<div class=\"qodef-e-to-swap\">\n\t\t\t\t\t<a class=\"qodef-shortcode qodef-m button product_type_simple add_to_cart_button ajax_add_to_cart qodef-qi-button qodef-html--link qodef-layout--textual qodef-type--standard qodef-icon--right qodef-hover--icon-move-horizontal-short\" href=\"\/en\/wp-json\/wp\/v2\/pages\/9470?add-to-cart=10352\" target=\"_self\" data-product_id=\"10352\" data-product_sku=\"28-2-1\" aria-label=\"Add to cart: \u201cGoldfinger - The History of Mowi\u201d\" rel=\"nofollow\" data-quantity=\"1\" data-no-translation-aria-label=\"\">\t<span class=\"qodef-m-text\" data-no-translation=\"\" data-trp-gettext=\"\">Add to cart<\/span>\t<\/a>\t\t\t\t<\/div>\n\t\t\t<\/div>\n\t\t\t\t\t\t\t\t<\/div>\n\t\t<a href=\"https:\/\/octavianforlag.no\/en\/product-2\/goldfinger-the-history-of-mowi\/\" class=\"woocommerce-LoopProduct-link woocommerce-loop-product__link\"><\/a>\t<\/div>\n<\/div>\n<div class=\"qodef-e qodef-grid-item product type-product post-9545 status-publish instock product_cat-bok product_cat-english has-post-thumbnail shipping-taxable purchasable product-type-simple\">\n\t<div class=\"qodef-e-product-inner\">\n\t\t\t\t\t<div class=\"qodef-e-product-image\">\n\t\t\t\t\t\t\t\t<div class=\"qodef-e-product-image-holder\">\n\t\t\t\t\t<a itemprop=\"url\" href=\"https:\/\/octavianforlag.no\/en\/product-2\/salmon-fever\/\">\n\t\t\t\t\t\t<img decoding=\"async\" width=\"800\" height=\"823\" src=\"https:\/\/octavianforlag.no\/wp-content\/uploads\/2024\/02\/Salmon-Fever-bok-mockup.jpg\" class=\"attachment-full size-full\" alt=\"\" srcset=\"https:\/\/octavianforlag.no\/wp-content\/uploads\/2024\/02\/Salmon-Fever-bok-mockup.jpg 800w, https:\/\/octavianforlag.no\/wp-content\/uploads\/2024\/02\/Salmon-Fever-bok-mockup-600x617.jpg 600w, https:\/\/octavianforlag.no\/wp-content\/uploads\/2024\/02\/Salmon-Fever-bok-mockup-292x300.jpg 292w, https:\/\/octavianforlag.no\/wp-content\/uploads\/2024\/02\/Salmon-Fever-bok-mockup-768x790.jpg 768w\" sizes=\"(max-width: 800px) 100vw, 800px\" \/>\t\t\t\t\t<\/a>\n\t\t\t\t<\/div>\n\t\t\t<\/div>\n\t\t\t\t<div class=\"qodef-e-product-content\">\n\t\t\t\t\t\t<h5 itemprop=\"name\" class=\"qodef-e-product-title qodef-e-title entry-title\">\n\t<a itemprop=\"url\" class=\"qodef-e-product-title-link\" href=\"https:\/\/octavianforlag.no\/en\/product-2\/salmon-fever\/\">\n\t\tSalmon Fever\t<\/a>\n<\/h5>\n\t\t\t<div class=\"qodef-e-swap-holder\">\n\t\t\t\t\t\t<div class=\"qodef-woo-product-price price\"><span class=\"woocommerce-Price-amount amount\"><span class=\"woocommerce-Price-currencySymbol\">&#107;&#114;<\/span>&nbsp;398,00<\/span><\/div>\n\t\t\t\t\t\t<div class=\"qodef-e-to-swap\">\n\t\t\t\t\t<a class=\"qodef-shortcode qodef-m button product_type_simple add_to_cart_button ajax_add_to_cart qodef-qi-button qodef-html--link qodef-layout--textual qodef-type--standard qodef-icon--right qodef-hover--icon-move-horizontal-short\" href=\"\/en\/wp-json\/wp\/v2\/pages\/9470?add-to-cart=9545\" target=\"_self\" data-product_id=\"9545\" data-product_sku=\"28-1-1-1\" aria-label=\"Add to cart: \u201cSalmon Fever\u201d\" rel=\"nofollow\" data-quantity=\"1\" data-no-translation-aria-label=\"\">\t<span class=\"qodef-m-text\" data-no-translation=\"\" data-trp-gettext=\"\">Add to cart<\/span>\t<\/a>\t\t\t\t<\/div>\n\t\t\t<\/div>\n\t\t\t\t\t\t\t\t<\/div>\n\t\t<a href=\"https:\/\/octavianforlag.no\/en\/product-2\/salmon-fever\/\" class=\"woocommerce-LoopProduct-link woocommerce-loop-product__link\"><\/a>\t<\/div>\n<\/div>\n<div class=\"qodef-e qodef-grid-item product type-product post-9735 status-publish instock product_cat-bok product_cat-english has-post-thumbnail shipping-taxable purchasable product-type-simple\">\n\t<div class=\"qodef-e-product-inner\">\n\t\t\t\t\t<div class=\"qodef-e-product-image\">\n\t\t\t\t\t\t\t\t<div class=\"qodef-e-product-image-holder\">\n\t\t\t\t\t<a itemprop=\"url\" href=\"https:\/\/octavianforlag.no\/en\/product-2\/the-last-oil\/\">\n\t\t\t\t\t\t<img loading=\"lazy\" decoding=\"async\" width=\"800\" height=\"823\" src=\"https:\/\/octavianforlag.no\/wp-content\/uploads\/2024\/03\/The-Last-Oil-bok-mockup.jpg\" class=\"attachment-full size-full\" alt=\"\" srcset=\"https:\/\/octavianforlag.no\/wp-content\/uploads\/2024\/03\/The-Last-Oil-bok-mockup.jpg 800w, https:\/\/octavianforlag.no\/wp-content\/uploads\/2024\/03\/The-Last-Oil-bok-mockup-292x300.jpg 292w, https:\/\/octavianforlag.no\/wp-content\/uploads\/2024\/03\/The-Last-Oil-bok-mockup-768x790.jpg 768w, https:\/\/octavianforlag.no\/wp-content\/uploads\/2024\/03\/The-Last-Oil-bok-mockup-600x617.jpg 600w\" sizes=\"(max-width: 800px) 100vw, 800px\" \/>\t\t\t\t\t<\/a>\n\t\t\t\t<\/div>\n\t\t\t<\/div>\n\t\t\t\t<div class=\"qodef-e-product-content\">\n\t\t\t\t\t\t<h5 itemprop=\"name\" class=\"qodef-e-product-title qodef-e-title entry-title\">\n\t<a itemprop=\"url\" class=\"qodef-e-product-title-link\" href=\"https:\/\/octavianforlag.no\/en\/product-2\/the-last-oil\/\">\n\t\tThe Last Oil\t<\/a>\n<\/h5>\n\t\t\t<div class=\"qodef-e-swap-holder\">\n\t\t\t\t\t\t<div class=\"qodef-woo-product-price price\"><span class=\"woocommerce-Price-amount amount\"><span class=\"woocommerce-Price-currencySymbol\">&#107;&#114;<\/span>&nbsp;398,00<\/span><\/div>\n\t\t\t\t\t\t<div class=\"qodef-e-to-swap\">\n\t\t\t\t\t<a class=\"qodef-shortcode qodef-m button product_type_simple add_to_cart_button ajax_add_to_cart qodef-qi-button qodef-html--link qodef-layout--textual qodef-type--standard qodef-icon--right qodef-hover--icon-move-horizontal-short\" href=\"\/en\/wp-json\/wp\/v2\/pages\/9470?add-to-cart=9735\" target=\"_self\" data-product_id=\"9735\" data-product_sku=\"28-3\" aria-label=\"Add to cart: \u201cThe Last Oil\u201d\" rel=\"nofollow\" data-quantity=\"1\" data-no-translation-aria-label=\"\">\t<span class=\"qodef-m-text\" data-no-translation=\"\" data-trp-gettext=\"\">Add to cart<\/span>\t<\/a>\t\t\t\t<\/div>\n\t\t\t<\/div>\n\t\t\t\t\t\t\t\t<\/div>\n\t\t<a href=\"https:\/\/octavianforlag.no\/en\/product-2\/the-last-oil\/\" class=\"woocommerce-LoopProduct-link woocommerce-loop-product__link\"><\/a>\t<\/div>\n<\/div>\n\t<\/div>\n\t<\/div>\n\t\t\t\t<\/div>\n\t\t\t\t<\/div>\n\t\t\t\t<div class=\"elementor-element elementor-element-7238ae0 elementor-widget elementor-widget-menu-anchor\" data-id=\"7238ae0\" data-element_type=\"widget\" data-e-type=\"widget\" data-widget_type=\"menu-anchor.default\">\n\t\t\t\t<div class=\"elementor-widget-container\">\n\t\t\t\t\t\t\t<div class=\"elementor-menu-anchor\" id=\"oss\"><\/div>\n\t\t\t\t\t\t<\/div>\n\t\t\t\t<\/div>\n\t\t\t\t\t<\/div>\n\t\t<\/div>\n\t\t\t\t\t<\/div>\n\t\t<\/section>\n\t\t\t\t<section class=\"elementor-section elementor-top-section elementor-element elementor-element-bc779fe elementor-section-full_width elementor-section-height-min-height qodef-elementor-content-grid elementor-section-height-default elementor-section-items-middle\" data-id=\"bc779fe\" data-element_type=\"section\" data-e-type=\"section\" data-settings=\"{&quot;background_background&quot;:&quot;classic&quot;}\">\n\t\t\t\t\t\t<div class=\"elementor-container elementor-column-gap-default\">\n\t\t\t\t\t<div class=\"elementor-column elementor-col-50 elementor-top-column elementor-element elementor-element-a44fc84\" data-id=\"a44fc84\" data-element_type=\"column\" data-e-type=\"column\">\n\t\t\t<div class=\"elementor-widget-wrap elementor-element-populated\">\n\t\t\t\t\t\t<div class=\"elementor-element elementor-element-616ac0f elementor-widget__width-initial elementor-widget-mobile__width-initial elementor-widget-tablet__width-initial elementor-widget elementor-widget-gaelle_core_section_title\" data-id=\"616ac0f\" data-element_type=\"widget\" data-e-type=\"widget\" data-widget_type=\"gaelle_core_section_title.default\">\n\t\t\t\t<div class=\"elementor-widget-container\">\n\t\t\t\t\t<div class=\"qodef-shortcode qodef-m  qodef-section-title qodef-alignment--left\">\n\t\t<h6 class=\"qodef-m-subtitle\" style=\"color: #001747\">\n\t\tABOUT\t<\/h6>\n\t\t<h2 class=\"qodef-m-title\" style=\"color: #001747\">\n\t\t\t\t\tOctavian Publishing House\t\t\t<\/h2>\n\t<\/div>\n\t\t\t\t<\/div>\n\t\t\t\t<\/div>\n\t\t\t\t<div class=\"elementor-element elementor-element-6b55650 elementor-widget__width-initial elementor-widget-mobile__width-initial elementor-widget-tablet__width-initial elementor-widget elementor-widget-gaelle_core_section_title\" data-id=\"6b55650\" data-element_type=\"widget\" data-e-type=\"widget\" data-widget_type=\"gaelle_core_section_title.default\">\n\t\t\t\t<div class=\"elementor-widget-container\">\n\t\t\t\t\t<div class=\"qodef-shortcode qodef-m  qodef-section-title qodef-alignment--left\">\n\t\t\t\t<p class=\"qodef-m-text\" style=\"margin-top: 11px\">Octavian Forlag specializes in non-fiction and historical documentary books. The publishing house, which was established in 2004, is based in Godvik, just outside Bergen. In addition to its publishing operations, Octavian Forlag is also the sole owner of the online news service iLaks.no.<\/p>\n<\/div>\n\t\t\t\t<\/div>\n\t\t\t\t<\/div>\n\t\t\t\t\t<\/div>\n\t\t<\/div>\n\t\t\t\t<div class=\"elementor-column elementor-col-50 elementor-top-column elementor-element elementor-element-05648f6\" data-id=\"05648f6\" data-element_type=\"column\" data-e-type=\"column\">\n\t\t\t<div class=\"elementor-widget-wrap elementor-element-populated\">\n\t\t\t\t\t\t<div class=\"elementor-element elementor-element-069b060 elementor-widget__width-initial elementor-widget elementor-widget-gaelle_core_single_image\" data-id=\"069b060\" data-element_type=\"widget\" data-e-type=\"widget\" data-widget_type=\"gaelle_core_single_image.default\">\n\t\t\t\t<div class=\"elementor-widget-container\">\n\t\t\t\t\t<div class=\"qodef-shortcode qodef-m  qodef-single-image qodef-layout--default\">\n\t\t\t<div class=\"qodef-m-image\" >\n\t\t\t\t\t\t\t\t<img loading=\"lazy\" decoding=\"async\" width=\"650\" height=\"650\" src=\"https:\/\/octavianforlag.no\/wp-content\/uploads\/2024\/02\/Om-forlaget-650x650.jpg\" class=\"attachment-gaelle_core_image_size_square size-gaelle_core_image_size_square\" alt=\"\" srcset=\"https:\/\/octavianforlag.no\/wp-content\/uploads\/2024\/02\/Om-forlaget-650x650.jpg 650w, https:\/\/octavianforlag.no\/wp-content\/uploads\/2024\/02\/Om-forlaget-150x150.jpg 150w, https:\/\/octavianforlag.no\/wp-content\/uploads\/2024\/02\/Om-forlaget-300x300.jpg 300w, https:\/\/octavianforlag.no\/wp-content\/uploads\/2024\/02\/Om-forlaget-100x100.jpg 100w\" sizes=\"(max-width: 650px) 100vw, 650px\" \/>\t\t\t\t\t\t\t<\/div>\n\t<\/div>\n\t\t\t\t<\/div>\n\t\t\t\t<\/div>\n\t\t\t\t\t<\/div>\n\t\t<\/div>\n\t\t\t\t\t<\/div>\n\t\t<\/section>\n\t\t\t\t<\/div>","protected":false},"excerpt":{"rendered":"<p>Tilgjengelig n\u00e5 Sonderlager To br\u00f8dre. To politimenn. Ett avgj\u00f8rende og samtidig skjebnesvangert valg. Den ene faller ned i avgrunnen. Den andre g\u00e5r gjennom m\u00f8rket og gjenvinner sin frihet.\u00a0 \u201cSonderlager\u201d beretter historien om da 271 norske politifolk ble arrestert og sendt til den tyske konsentrasjonsleiren Stutthof, like utenfor Gdansk. Unike f\u00f8rsteh\u00e5ndskilder skildrer \u00e5rsakene, samt dramatikken f\u00f8r [&hellip;]<\/p>\n","protected":false},"author":1,"featured_media":0,"parent":0,"menu_order":0,"comment_status":"closed","ping_status":"closed","template":"page-full-width.php","meta":{"footnotes":""},"class_list":["post-9470","page","type-page","status-publish","hentry"],"_links":{"self":[{"href":"https:\/\/octavianforlag.no\/en\/wp-json\/wp\/v2\/pages\/9470","targetHints":{"allow":["GET"]}}],"collection":[{"href":"https:\/\/octavianforlag.no\/en\/wp-json\/wp\/v2\/pages"}],"about":[{"href":"https:\/\/octavianforlag.no\/en\/wp-json\/wp\/v2\/types\/page"}],"author":[{"embeddable":true,"href":"https:\/\/octavianforlag.no\/en\/wp-json\/wp\/v2\/users\/1"}],"replies":[{"embeddable":true,"href":"https:\/\/octavianforlag.no\/en\/wp-json\/wp\/v2\/comments?post=9470"}],"version-history":[{"count":207,"href":"https:\/\/octavianforlag.no\/en\/wp-json\/wp\/v2\/pages\/9470\/revisions"}],"predecessor-version":[{"id":10860,"href":"https:\/\/octavianforlag.no\/en\/wp-json\/wp\/v2\/pages\/9470\/revisions\/10860"}],"wp:attachment":[{"href":"https:\/\/octavianforlag.no\/en\/wp-json\/wp\/v2\/media?parent=9470"}],"curies":[{"name":"wp","href":"https:\/\/api.w.org\/{rel}","templated":true}]}}